{"id":26661,"date":"2019-04-17T20:17:54","date_gmt":"2019-04-17T18:17:54","guid":{"rendered":"https:\/\/www.boursin.be\/?page_id=26661"},"modified":"2019-09-26T22:52:41","modified_gmt":"2019-09-26T20:52:41","slug":"mentions-legales","status":"publish","type":"page","link":"https:\/\/www.boursin.be\/fr\/mentions-legales\/","title":{"rendered":"Mentions l\u00e9gales"},"content":{"rendered":"<p>Le pr\u00e9sent site Internet (\u00e0 l\u2019exclusion des sites qui y font l\u2019objet de liens) est g\u00e9r\u00e9 par BEL BELGIUM, dont le si\u00e8ge social est situ\u00e9 \u00e0  Avenue de Finlande 2, 1420 Braine-l&#8217;Alleud, avec num\u00e9ro d\u2019entreprise BE 0406.085.946 en Belgique. La pr\u00e9sentation et le contenu du pr\u00e9sent site constituent une \u0153uvre prot\u00e9g\u00e9e par les lois en vigueur sur la propri\u00e9t\u00e9 intellectuelle, dont la soci\u00e9t\u00e9 BEL BELGIUM est seule titulaire.<\/p>\n<p>Le site est h\u00e9berg\u00e9 par la soci\u00e9t\u00e9 : BEL BELGIUM SA.<\/p>\n<h6><a id=\"eztoc22325_1\" name=\"eztoc22325_1\"><\/a><\/h6>\n<h6>UTILISATION DU SITE INTERNET \u201cBOURSIN.BE\u201d<\/h6>\n<p><b>Qualit\u00e9 des informations<\/b><\/p>\n<p>BEL BELGIUM apporte le plus grand soin et met en \u0153uvre tout moyen pour diffuser sur le site Internet \u201cwww.boursin.be\u201d des informations de qualit\u00e9.<br \/>\nBEL BELGIUM ne peut toutefois pas garantir de mani\u00e8re absolue l\u2019exactitude et l\u2019exhaustivit\u00e9 de ces informations. Ainsi, BEL BELGIUM, soumis \u00e0 une obligation de moyen, ne saurait \u00eatre tenu pour responsable de tout pr\u00e9judice direct ou indirect du fait d\u2019une information mal utilis\u00e9e et\/ou qui se serait r\u00e9v\u00e9l\u00e9e inexacte ou incompl\u00e8te.<\/p>\n<p><b>Acc\u00e8s au site Internet \u201c www.boursin.be \u201d<\/b><\/p>\n<p>BEL BELGIUM ne pourra \u00eatre tenu pour responsable de tout dommage direct ou indirect r\u00e9sultant de l\u2019acc\u00e8s \u00e0 son site Internet et \u00e0 ceux de ses partenaires, ou au contraire de l\u2019impossibilit\u00e9 d\u2019y acc\u00e9der.<\/p>\n<p><b>Distribution d\u2019un courrier\/courriel<\/b><\/p>\n<p>BEL BELGIUM ne saurait \u00eatre tenu pour responsable du retard, de la perte ou de la mauvaise distribution d\u2019un courrier\/courriel, ni de son envoi ou non \u00e0 une adresse \u00e9lectronique erron\u00e9e.<\/p>\n<p><b>Lien vers d\u2019autres sites Internet<\/b><\/p>\n<p>Le site Internet \u201c www.boursin.be \u201d donne acc\u00e8s \u00e0 des sites Internet ext\u00e9rieurs de partenaires, par des liens hypertextes ou par l\u2019int\u00e9gration de contenus de partenaires dans le site Internet \u201c www.boursin.be \u201d.<br \/>\nBien que le choix des liens vers des sites Internet ext\u00e9rieurs ait fait l\u2019objet de soin et de vigilance, BEL BELGIUM ne peut \u00eatre tenu pour responsable de la mise \u00e0 disposition de ces sites Internet ext\u00e9rieurs. Il ne peut supporter une quelconque responsabilit\u00e9 quant au contenu, aux publicit\u00e9s, produits, services ou tout autre mat\u00e9riel provenant de ces sites Internet ext\u00e9rieurs ou disponibles sur ou \u00e0 partir de ces sites Internet ext\u00e9rieurs.<br \/>\nBEL BELGIUM ne saurait \u00eatre tenu pour responsable des agissements ou des \u00e9ventuelles omissions de ses partenaires.<\/p>\n<p><b>Propri\u00e9t\u00e9 intellectuelle<\/b><\/p>\n<p>Les informations d\u00e9livr\u00e9es sur le site Internet \u201c www.boursin.be \u201d ne peuvent \u00eatre utilis\u00e9es qu\u2019\u00e0 des fins strictement personnelles.<br \/>\nToute utilisation effectu\u00e9e \u00e0 des fins commerciales ou \u00e0 toute autre fin est purement et simplement interdite.<br \/>\nEn outre, les \u00e9l\u00e9ments pr\u00e9sents sur notre site Internet sont prot\u00e9g\u00e9s par le Code de la Propri\u00e9t\u00e9 Intellectuelle, des trait\u00e9s et des accords internationaux traitant des dispositions relatives \u00e0 la protection des droits d\u2019auteur. Ainsi, toute modification, repr\u00e9sentation et reproduction int\u00e9grale ou partielle, pour un usage autre que priv\u00e9, est formellement interdite. Cette interdiction vaut quel que soit le proc\u00e9d\u00e9 de reproduction, de repr\u00e9sentation et\/ou de modification, et quelle qu\u2019en soit la dur\u00e9e.<br \/>\nDe mani\u00e8re g\u00e9n\u00e9rale, BEL BELGIUM ne saurait \u00eatre tenu pour responsable de tout dommage, direct ou indirect, r\u00e9sultant de l\u2019utilisation interdite des informations ou de tout autre \u00e9l\u00e9ment, d\u00e9livr\u00e9s sur le site Internet \u201c\u00a0<a href=\"http:\/\/www.boursin.xn--be-02t.\/\" target=\"_self\" rel=\"noopener noreferrer\">www.boursin.be\u201d.<\/a><\/p>\n<h6><a id=\"eztoc22325_2\" name=\"eztoc22325_2\"><\/a><\/h6>\n<h6>DROIT APPLICABLE<\/h6>\n<p>Le pr\u00e9sent site est soumis au droit Belge.<\/p>\n<h6><a id=\"eztoc22325_3\" name=\"eztoc22325_3\"><\/a><\/h6>\n<h6>DIVERS<\/h6>\n<p>La soci\u00e9t\u00e9 BEL BELGIUM s\u2019engage \u00e0 faire ses meilleurs efforts pour assurer aux utilisateurs une accessibilit\u00e9 du site \u00e0 tout moment et \u00e0 faire son possible pour rem\u00e9dier dans les meilleurs d\u00e9lais \u00e0 toute indisponibilit\u00e9.<br \/>\nLa soci\u00e9t\u00e9 BEL BELGIUM se r\u00e9serve le droit d\u2019actualiser les pr\u00e9sentes conditions \u00e0 tout moment et sans pr\u00e9avis.<\/p>\n","protected":false},"excerpt":{"rendered":"<p>Le pr\u00e9sent site Internet (\u00e0 l\u2019exclusion des sites qui y font l\u2019objet de liens) est g\u00e9r\u00e9 par BEL BELGIUM, dont le si\u00e8ge social est situ\u00e9 \u00e0 Avenue de Finlande 2, 1420 Braine-l&#8217;Alleud, avec num\u00e9ro d\u2019entreprise BE 0406.085.946 en Belgique. La pr\u00e9sentation et le contenu du pr\u00e9sent site constituent une \u0153uvre prot\u00e9g\u00e9e par les lois en&#8230;<\/p>\n","protected":false},"author":2,"featured_media":0,"parent":0,"menu_order":0,"comment_status":"closed","ping_status":"closed","template":"","meta":{"_acf_changed":false,"footnotes":""},"class_list":["post-26661","page","type-page","status-publish","hentry"],"acf":[],"aioseo_notices":[],"_links":{"self":[{"href":"https:\/\/www.boursin.be\/fr\/wp-json\/wp\/v2\/pages\/26661","targetHints":{"allow":["GET"]}}],"collection":[{"href":"https:\/\/www.boursin.be\/fr\/wp-json\/wp\/v2\/pages"}],"about":[{"href":"https:\/\/www.boursin.be\/fr\/wp-json\/wp\/v2\/types\/page"}],"author":[{"embeddable":true,"href":"https:\/\/www.boursin.be\/fr\/wp-json\/wp\/v2\/users\/2"}],"replies":[{"embeddable":true,"href":"https:\/\/www.boursin.be\/fr\/wp-json\/wp\/v2\/comments?post=26661"}],"version-history":[{"count":0,"href":"https:\/\/www.boursin.be\/fr\/wp-json\/wp\/v2\/pages\/26661\/revisions"}],"wp:attachment":[{"href":"https:\/\/www.boursin.be\/fr\/wp-json\/wp\/v2\/media?parent=26661"}],"curies":[{"name":"wp","href":"https:\/\/api.w.org\/{rel}","templated":true}]}}